{"id":44,"date":"2019-04-08T11:02:35","date_gmt":"2019-04-08T11:02:35","guid":{"rendered":"http:\/\/ib-dechert.de\/?page_id=44"},"modified":"2019-04-08T11:02:35","modified_gmt":"2019-04-08T11:02:35","slug":"kontakt","status":"publish","type":"page","link":"https:\/\/ib-dechert.de\/?page_id=44","title":{"rendered":"Kontakt"},"content":{"rendered":"\n<p>IBD &#8211; Ingenieurb\u00fcro Dechert<\/p>\n\n\n\n<p>Bachgartenstra\u00dfe\n6a<\/p>\n\n\n\n<p>64572\nB\u00fcttelborn<\/p>\n\n\n\n<p>Telefon:&nbsp;&nbsp;&nbsp; +49 (0)6152 188734<\/p>\n\n\n\n<p>Telefax:&nbsp;&nbsp;&nbsp;&nbsp; +49 (0)6152 188735 <\/p>\n\n\n\n<p>E-mail:&nbsp; &nbsp;&nbsp;&nbsp;&nbsp;&nbsp;info@ib-dechert.de <\/p>\n","protected":false},"excerpt":{"rendered":"<p>IBD &#8211; Ingenieurb\u00fcro Dechert Bachgartenstra\u00dfe 6a 64572 B\u00fcttelborn Telefon:&nbsp;&nbsp;&nbsp; +49 (0)6152 188734 Telefax:&nbsp;&nbsp;&nbsp;&nbsp; +49 (0)6152 188735 E-mail:&nbsp; &nbsp;&nbsp;&nbsp;&nbsp;&nbsp;info@ib-dechert.de<\/p>\n","protected":false},"author":1,"featured_media":0,"parent":0,"menu_order":0,"comment_status":"closed","ping_status":"closed","template":"","meta":[],"_links":{"self":[{"href":"https:\/\/ib-dechert.de\/index.php?rest_route=\/wp\/v2\/pages\/44"}],"collection":[{"href":"https:\/\/ib-dechert.de\/index.php?rest_route=\/wp\/v2\/pages"}],"about":[{"href":"https:\/\/ib-dechert.de\/index.php?rest_route=\/wp\/v2\/types\/page"}],"author":[{"embeddable":true,"href":"https:\/\/ib-dechert.de\/index.php?rest_route=\/wp\/v2\/users\/1"}],"replies":[{"embeddable":true,"href":"https:\/\/ib-dechert.de\/index.php?rest_route=%2Fwp%2Fv2%2Fcomments&post=44"}],"version-history":[{"count":2,"href":"https:\/\/ib-dechert.de\/index.php?rest_route=\/wp\/v2\/pages\/44\/revisions"}],"predecessor-version":[{"id":46,"href":"https:\/\/ib-dechert.de\/index.php?rest_route=\/wp\/v2\/pages\/44\/revisions\/46"}],"wp:attachment":[{"href":"https:\/\/ib-dechert.de\/index.php?rest_route=%2Fwp%2Fv2%2Fmedia&parent=44"}],"curies":[{"name":"wp","href":"https:\/\/api.w.org\/{rel}","templated":true}]}}