{"id":126,"date":"2019-04-09T08:23:04","date_gmt":"2019-04-09T08:23:04","guid":{"rendered":"http:\/\/ib-dechert.de\/?page_id=126"},"modified":"2026-04-30T09:10:47","modified_gmt":"2026-04-30T09:10:47","slug":"ueber-uns","status":"publish","type":"page","link":"https:\/\/ib-dechert.de\/?page_id=126","title":{"rendered":"\u00dcber uns &#8230;"},"content":{"rendered":"\n<p><mark style=\"background-color:rgba(0, 0, 0, 0);color:#2a6984\" class=\"has-inline-color\"><strong>Kurzprofil von J\u00fcrgen E. Dechert<\/strong><\/mark><\/p>\n\n\n<div class=\"wp-block-image\">\n<figure class=\"aligncenter size-medium\"><img decoding=\"async\" loading=\"lazy\" width=\"241\" height=\"300\" src=\"https:\/\/ib-dechert.de\/wp-content\/uploads\/2020\/07\/JDZ_7442_5x4-xs-241x300.jpg\" alt=\"\" class=\"wp-image-224\" srcset=\"https:\/\/ib-dechert.de\/wp-content\/uploads\/2020\/07\/JDZ_7442_5x4-xs-241x300.jpg 241w, https:\/\/ib-dechert.de\/wp-content\/uploads\/2020\/07\/JDZ_7442_5x4-xs.jpg 642w\" sizes=\"(max-width: 241px) 100vw, 241px\" \/><\/figure><\/div>\n\n\n<p><mark style=\"background-color:rgba(0, 0, 0, 0);color:#1d556d\" class=\"has-inline-color\"><strong>Berufliche Laufbahn<\/strong><\/mark><\/p>\n\n\n\n<p><\/p>\n\n\n\n<ul>\n<li>Chemielaborantenlehre (1970 &#8211; 1974)<\/li>\n\n\n\n<li>Abgeschlossenes Ingenieurstudium im Fachbereich Chemische Technologie an der FH Darmstadt (1974 &#8211; 1977)<\/li>\n\n\n\n<li>Betriebsleiter der Endproduktenfertigung in der AK Chemie GmbH &amp; Co. KG, Biebesheim\/Rhein (1977 &#8211; 1983)<\/li>\n\n\n\n<li>Program Manager Umweltschutz, Gefahrguttransport und Security Manager f\u00fcr den Bereich Global Logistics Europe bei der IBM Deutschland GmbH (1983 \u2013 2009) <\/li>\n\n\n\n<li>Security Manager Geodis Group (2009 \u2013 2014)<\/li>\n\n\n\n<li>Export Control Manager Geodis Group (2014 \u2013 2018)<\/li>\n<\/ul>\n\n\n\n<p><mark style=\"background-color:rgba(0, 0, 0, 0);color:#295d74\" class=\"has-inline-color\"><strong>Referentent\u00e4tigkeiten<\/strong><\/mark><\/p>\n\n\n\n<ul>\n<li>ASI &#8211; Akademie f\u00fcr Sicherheit ( 2003 &#8211; 2004)<\/li>\n\n\n\n<li>Lehrauftrag FH Friedberg-Gie\u00dfen &#8211; Security im FM (2003 &#8211; 2006)<\/li>\n\n\n\n<li>GEFMA Trainer Facility Management (Safety &amp; Security)<\/li>\n\n\n\n<li>Strober &amp; Partner, Gefahrguttrainer&nbsp; (2013 \u2013 2015)<\/li>\n\n\n\n<li>UI &#8211; Umweltinstitut Offenbach, Referent f\u00fcr Arbeitsschutz und Gefahrgut<\/li>\n\n\n\n<li> (seit 1996)<\/li>\n<\/ul>\n\n\n\n<h2><mark><strong>Schulungsnachweis Gefahrgutbeauftragter<\/strong><\/mark><\/h2>\n\n\n\n<p><\/p>\n\n\n\n<figure class=\"wp-block-image size-large\"><img decoding=\"async\" loading=\"lazy\" width=\"819\" height=\"1024\" src=\"https:\/\/ib-dechert.de\/wp-content\/uploads\/2026\/04\/HazMat-Certificate-renewed-final-1-819x1024.jpg\" alt=\"\" class=\"wp-image-427\" srcset=\"https:\/\/ib-dechert.de\/wp-content\/uploads\/2026\/04\/HazMat-Certificate-renewed-final-1-819x1024.jpg 819w, https:\/\/ib-dechert.de\/wp-content\/uploads\/2026\/04\/HazMat-Certificate-renewed-final-1-240x300.jpg 240w, https:\/\/ib-dechert.de\/wp-content\/uploads\/2026\/04\/HazMat-Certificate-renewed-final-1-768x960.jpg 768w, https:\/\/ib-dechert.de\/wp-content\/uploads\/2026\/04\/HazMat-Certificate-renewed-final-1.jpg 1080w\" sizes=\"(max-width: 819px) 100vw, 819px\" \/><\/figure>\n\n\n\n<h4><mark style=\"background-color:rgba(0, 0, 0, 0);color:#0b4158\" class=\"has-inline-color\">25 Ja<\/mark><mark style=\"background-color:rgba(0, 0, 0, 0);color:#284c5b\" class=\"has-inline-color\">hre Ingenieurb\u00fcro Dechert<\/mark><\/h4>\n\n\n\n<figure class=\"wp-block-image size-full is-resized\"><img decoding=\"async\" loading=\"lazy\" src=\"https:\/\/ib-dechert.de\/wp-content\/uploads\/2022\/02\/Jubilaeumsurkunde_Dechert-Web.jpg\" alt=\"\" class=\"wp-image-292\" width=\"605\" height=\"800\" srcset=\"https:\/\/ib-dechert.de\/wp-content\/uploads\/2022\/02\/Jubilaeumsurkunde_Dechert-Web.jpg 605w, https:\/\/ib-dechert.de\/wp-content\/uploads\/2022\/02\/Jubilaeumsurkunde_Dechert-Web-227x300.jpg 227w\" sizes=\"(max-width: 605px) 100vw, 605px\" \/><\/figure>\n","protected":false},"excerpt":{"rendered":"<p>Kurzprofil von J\u00fcrgen E. Dechert Berufliche Laufbahn Referentent\u00e4tigkeiten Schulungsnachweis Gefahrgutbeauftragter 25 Jahre Ingenieurb\u00fcro Dechert<\/p>\n","protected":false},"author":1,"featured_media":0,"parent":0,"menu_order":0,"comment_status":"closed","ping_status":"closed","template":"","meta":[],"_links":{"self":[{"href":"https:\/\/ib-dechert.de\/index.php?rest_route=\/wp\/v2\/pages\/126"}],"collection":[{"href":"https:\/\/ib-dechert.de\/index.php?rest_route=\/wp\/v2\/pages"}],"about":[{"href":"https:\/\/ib-dechert.de\/index.php?rest_route=\/wp\/v2\/types\/page"}],"author":[{"embeddable":true,"href":"https:\/\/ib-dechert.de\/index.php?rest_route=\/wp\/v2\/users\/1"}],"replies":[{"embeddable":true,"href":"https:\/\/ib-dechert.de\/index.php?rest_route=%2Fwp%2Fv2%2Fcomments&post=126"}],"version-history":[{"count":21,"href":"https:\/\/ib-dechert.de\/index.php?rest_route=\/wp\/v2\/pages\/126\/revisions"}],"predecessor-version":[{"id":428,"href":"https:\/\/ib-dechert.de\/index.php?rest_route=\/wp\/v2\/pages\/126\/revisions\/428"}],"wp:attachment":[{"href":"https:\/\/ib-dechert.de\/index.php?rest_route=%2Fwp%2Fv2%2Fmedia&parent=126"}],"curies":[{"name":"wp","href":"https:\/\/api.w.org\/{rel}","templated":true}]}}